{"id":317,"date":"2018-10-13T17:49:38","date_gmt":"2018-10-13T17:49:38","guid":{"rendered":"https:\/\/promo-theme.com\/spool\/?page_id=317"},"modified":"2023-10-26T14:35:32","modified_gmt":"2023-10-26T19:35:32","slug":"filmmaker","status":"publish","type":"page","link":"https:\/\/musica.javirangel.com\/","title":{"rendered":"Filmmaker"},"content":{"rendered":"<div class=\"wpb-content-wrapper\"><p>[vc_row full_width=&#8221;stretch_row_content_no_spaces&#8221;][vc_column]<div class=\"full-screen-area fc-area-5bc38eb22109d slide-title-on\"><div class=\"fc-navigation\"><ul><\/ul><\/div><div class=\"fc-wrap\"><div class=\"fc-item \" style=\"\"><div class=\"cell cell-container middle\"><div class=\"container-fluid no-padding\">[vc_empty_space]<div class=\"banner-area banner-5bc38f291c6f8 navigation-bottom autoplay-true num-on video-autoplay\"><div class=\"banner-social-buttons\"><div><a href=\"#\" target=\"\"><i class=\"fa fa-vimeo-square\"><\/i> <span>Vimeo<\/span><\/a><a href=\"#\" target=\"\"><i class=\"fa fa-youtube-square\"><\/i> <span>Youtube<\/span><\/a><a href=\"#\" target=\"\"><i class=\"fa fa-instagram\"><\/i> <span>Instagram<\/span><\/a><a href=\"#\" target=\"\"><i class=\"fa fa-facebook-square\"><\/i> <span>Facebook<\/span><\/a><\/div><\/div><div class=\"banner \" style=\"\"><div class=\"item banner-item-69d7d876c0b51 bottom inherit video-area\"><div class=\"blur-bg\" style=\"background-image: url(https:\/\/musica.javirangel.com\/wp-content\/uploads\/2023\/05\/rangel-4-scaled.jpg);\"><\/div><div class=\"overlay\"><\/div><div class=\"container-fluid\"><div class=\"cell\"><div class=\"slide-bg\" style=\"background-image: url(https:\/\/musica.javirangel.com\/wp-content\/uploads\/2023\/05\/rangel-4-scaled.jpg);\"><div class=\"video-block\"><div class=\"video\" webkit-playsinline=\"true\" playsinline=\"true\" data-quality=\"1080p\" data-muted=\"true\" data-type=\"youtube\" data-id=\"CWnMmlDzsCU\"><\/div><\/div><div class=\"video-buttons bottom-left\">\n                                  <div class=\"container-fluid\">\n                                      <div id=\"mute\" class=\"mute fa fa-volume-off\"><i class=\"fa fa-volume-up\"><\/i><\/div>\n                                      <div id=\"pause\" class=\"pause fa fa-pause\"><i class=\"fa fa-play\"><\/i><\/div>\n                                  <\/div>\n                              <\/div><\/div><div class=\"content\"><div class=\"num\"><\/div><div class=\"sub-h\">Presentando<\/div><div class=\"h\">Tr\u00edo Mauro, Tavo y Javi<\/div><\/div><\/div><div class=\"link-area\"><a href=\"#\" class=\"button-style1\" title=\"view film\" target=\"_self\"><span>view film<\/span> <i class=\"solid-arrow-collection-right-arrow\"><\/i><\/a><\/div><\/div><\/div><div class=\"item banner-item-69d7d876c0e6e bottom inherit video-area\"><div class=\"blur-bg\" style=\"background-image: url(https:\/\/musica.javirangel.com\/wp-content\/uploads\/2023\/05\/rangel-2-scaled.jpg);\"><\/div><div class=\"overlay\"><\/div><div class=\"container-fluid\"><div class=\"cell\"><div class=\"slide-bg\" style=\"background-image: url(https:\/\/musica.javirangel.com\/wp-content\/uploads\/2023\/05\/rangel-2-scaled.jpg);\"><div class=\"video-block\"><div class=\"video\" webkit-playsinline=\"true\" playsinline=\"true\" data-quality=\"1080p\" data-muted=\"true\" data-type=\"youtube\" data-id=\"4hvZCRKOCkc\"><\/div><\/div><div class=\"video-buttons bottom-left\">\n                                  <div class=\"container-fluid\">\n                                      <div id=\"mute\" class=\"mute fa fa-volume-off\"><i class=\"fa fa-volume-up\"><\/i><\/div>\n                                      <div id=\"pause\" class=\"pause fa fa-pause\"><i class=\"fa fa-play\"><\/i><\/div>\n                                  <\/div>\n                              <\/div><\/div><div class=\"content\"><div class=\"num\"><\/div><div class=\"sub-h\">Presentando<\/div><div class=\"h\">D\u00fao Tavo y Javi<\/div><\/div><\/div><div class=\"link-area\"><a href=\"#\" class=\"button-style1\" title=\"view film\" target=\"_self\"><span>view film<\/span> <i class=\"solid-arrow-collection-right-arrow\"><\/i><\/a><\/div><\/div><\/div><div class=\"item banner-item-69d7d876c1118 bottom inherit video-area\"><div class=\"blur-bg\" style=\"background-image: url(https:\/\/musica.javirangel.com\/wp-content\/uploads\/2023\/05\/rangel-4-scaled.jpg);\"><\/div><div class=\"overlay\"><\/div><div class=\"container-fluid\"><div class=\"cell\"><div class=\"slide-bg\" style=\"background-image: url(https:\/\/musica.javirangel.com\/wp-content\/uploads\/2023\/05\/rangel-4-scaled.jpg);\"><div class=\"video-block\"><div class=\"video\" webkit-playsinline=\"true\" playsinline=\"true\" data-quality=\"1080p\" data-muted=\"true\" data-type=\"youtube\" data-id=\"28PllkKF8Us\"><\/div><\/div><div class=\"video-buttons bottom-left\">\n                                  <div class=\"container-fluid\">\n                                      <div id=\"mute\" class=\"mute fa fa-volume-off\"><i class=\"fa fa-volume-up\"><\/i><\/div>\n                                      <div id=\"pause\" class=\"pause fa fa-pause\"><i class=\"fa fa-play\"><\/i><\/div>\n                                  <\/div>\n                              <\/div><\/div><div class=\"content\"><div class=\"num\"><\/div><div class=\"sub-h\">Presentando<\/div><div class=\"h\">Solista Javi<\/div><\/div><\/div><div class=\"link-area\"><a href=\"#\" class=\"button-style1\" title=\"view film\" target=\"_self\"><span>view film<\/span> <i class=\"solid-arrow-collection-right-arrow\"><\/i><\/a><\/div><\/div><\/div><div class=\"item banner-item-69d7d876c11e6 bottom inherit video-area\"><div class=\"blur-bg\" style=\"background-image: url(https:\/\/musica.javirangel.com\/wp-content\/uploads\/2023\/05\/rangel-2-scaled.jpg);\"><\/div><div class=\"overlay\"><\/div><div class=\"container-fluid\"><div class=\"cell\"><div class=\"slide-bg\" style=\"background-image: url(https:\/\/musica.javirangel.com\/wp-content\/uploads\/2023\/05\/rangel-2-scaled.jpg);\"><div class=\"video-block\"><div class=\"video\" webkit-playsinline=\"true\" playsinline=\"true\" data-quality=\"1080p\" data-muted=\"true\" data-type=\"youtube\" data-id=\"KghNYYl4ils\"><\/div><\/div><div class=\"video-buttons bottom-left\">\n                                  <div class=\"container-fluid\">\n                                      <div id=\"mute\" class=\"mute fa fa-volume-off\"><i class=\"fa fa-volume-up\"><\/i><\/div>\n                                      <div id=\"pause\" class=\"pause fa fa-pause\"><i class=\"fa fa-play\"><\/i><\/div>\n                                  <\/div>\n                              <\/div><\/div><div class=\"content\"><div class=\"num\"><\/div><div class=\"sub-h\">Presentando<\/div><div class=\"h\">La Crossover Band<\/div><\/div><\/div><div class=\"link-area\"><a href=\"#\" class=\"button-style1\" title=\"view film\" target=\"_self\"><span>view film<\/span> <i class=\"solid-arrow-collection-right-arrow\"><\/i><\/a><\/div><\/div><\/div><\/div><div class=\"nav\"><div class=\"container-fluid\"><div id=\"customNav-banner-5bc38f291c6f8\" class=\"owl-nav\"><\/div><div id=\"customDots-banner-5bc38f291c6f8\" class=\"owl-dots\"><\/div><\/div><\/div><\/div><\/div><\/div><\/div><div class=\"fc-item \" style=\"\"><div class=\"slide-h\"><div>M\u00fasica In\u00e9dita<\/div><\/div><div class=\"cell cell-container middle\"><div class=\"container\">[vc_row_inner][vc_column_inner][vc_column_text]<div id=\"audioigniter-1044\" class=\"audioigniter-root \" data-player-type=\"full\" data-tracks-url=\"https:\/\/musica.javirangel.com\/?audioigniter_playlist_id=1044\" data-display-track-no=\"true\" data-reverse-track-order=\"false\" data-display-tracklist-covers=\"true\" data-display-active-cover=\"true\" data-display-artist-names=\"true\" data-display-buy-buttons=\"true\" data-buy-buttons-target=\"true\" data-cycle-tracks=\"false\" data-display-credits=\"false\" data-display-tracklist=\"true\" data-allow-tracklist-toggle=\"true\" data-allow-tracklist-loop=\"true\" data-limit-tracklist-height=\"true\" data-volume=\"100\" data-tracklist-height=\"185\" ><\/div>[\/vc_column_text][\/vc_column_inner][\/vc_row_inner]<\/div><\/div><\/div><div class=\"fc-item \" style=\"\"><div class=\"slide-h\"><div>acerca de mi<\/div><\/div><div class=\"bg-line\" style=\"left: 43%;\"><\/div><div class=\"cell cell-container middle\"><div class=\"container\">[vc_row_inner equal_height=&#8221;yes&#8221; content_placement=&#8221;middle&#8221; gap=&#8221;35&#8243;][vc_column_inner width=&#8221;1\/2&#8243; offset=&#8221;vc_col-md-7&#8243;]<div class=\"pt-special-heading pt-special-heading-5bc396f08b431 tal  vc_custom_1684366628426\"><h6 class=\"sub-heading\">hola y bienvenido<\/h6><h3 class=\"heading\">Mi nombre es Javier Rangel,<br \/>\nvivo en Bogot\u00e1 y soy cantante, guitarrista, compositor y productor<\/h3><\/div>[vc_column_text]Como escritor, productor, compositor y arreglista, manejo proyectos de casi todas las escalas y g\u00e9neros, desde simple canci\u00f3n con guitarra hasta complejas producciones con bater\u00edas en vivo y corales en bloque, en m\u00faltiples ubicaciones alrededor del mundo. Independientemente del alcance o el presupuesto, abordamos todos los proyectos de la misma manera&#8230; Hazlo mejor de lo que jam\u00e1s imaginaste que podr\u00eda ser.[\/vc_column_text]<div class=\"icon-box row icon-box-69d7d876c15dd style1\"><div class=\"icon-box-item icon-box-item-69d7d876c161e style1 col-xs-12 col-sm-12 col-md-6 col-lg-6\"><div class=\"wrap\"><div class=\"icon fas fa-microphone-alt\"><\/div><div class=\"content\"><h5 class=\"h\">Cantante<\/h5><div class=\"desc\">Si tienes un producto que lanzar, una canci\u00f3n que componer, una visi\u00f3n que compartir o una historia que contar, ll\u00e1mame.<\/div><\/div><a href=\"#\" target=\"_self\"><\/a><\/div><\/div><div class=\"icon-box-item icon-box-item-69d7d876c166b style1 col-xs-12 col-sm-12 col-md-6 col-lg-6\"><div class=\"wrap\"><div class=\"icon fas fa-record-vinyl\"><\/div><div class=\"content\"><h5 class=\"h\">Compositor<\/h5><div class=\"desc\">A la medida de tus necesidades, cu\u00e9ntame tu historia y la convierto en canci\u00f3n.<\/div><\/div><a href=\"#\" target=\"_self\"><\/a><\/div><\/div><div class=\"icon-box-item icon-box-item-69d7d876c16ac style1 col-xs-12 col-sm-12 col-md-6 col-lg-6\"><div class=\"wrap\"><div class=\"icon fas fa-headphones\"><\/div><div class=\"content\"><h5 class=\"h\">Productor<\/h5><div class=\"desc\">Mu\u00e9strame tu idea y juntos la convertiremos en magia<\/div><\/div><a href=\"#\" target=\"_self\"><\/a><\/div><\/div><div class=\"icon-box-item icon-box-item-69d7d876c16da style1 col-xs-12 col-sm-12 col-md-6 col-lg-6\"><div class=\"wrap\"><div class=\"icon fas fa-music\"><\/div><div class=\"content\"><h5 class=\"h\">Arreglista<\/h5><div class=\"desc\">Con el manejo de colores, los instrumentos dan vida a canciones, d\u00e9jame darle vida a tus canciones.<\/div><\/div><a href=\"#\" target=\"_self\"><\/a><\/div><\/div><\/div>[\/vc_column_inner][vc_column_inner el_class=&#8221;side-img&#8221; width=&#8221;1\/2&#8243; offset=&#8221;vc_col-md-5&#8243; css=&#8221;.vc_custom_1684368545640{padding-bottom: 100% !important;background-image: url(http:\/\/musica.javirangel.com\/wp-content\/uploads\/2023\/05\/14358829_10154530545433522_3809775376682023145_n.jpg?id=970) !important;background-position: center !important;background-repeat: no-repeat !important;background-size: contain !important;}&#8221;][\/vc_column_inner][\/vc_row_inner]<\/div><\/div><\/div><div class=\"fc-item \" style=\"\"><div class=\"slide-h\"><div>portafolio<\/div><\/div><div class=\"cell cell-container middle\"><div class=\"container-fluid no-padding\"><div class=\"full-screen-portfolio portfolio-5bcaf8aa0ad8a\"><div class=\"fs-bg\" style=\"background-image: url(https:\/\/musica.javirangel.com\/wp-content\/uploads\/2023\/05\/tajama.jpg);\" data-video=\"https:\/\/www.youtube.com\/watch?v=9lBodtiCvoE\" data-video-type=\"youtube\"><div class=\"video-block\"><div class=\"video\" webkit-playsinline=\"true\" playsinline=\"true\" data-quality=\"1080p\" data-muted=\"true\" data-type=\"youtube\" data-id=\"9lBodtiCvoE\"><\/div><\/div><\/div><div class=\"bg-line\"><\/div><div class=\"cell-container\"><div class=\"container\"><div class=\"fs-content\"><div class=\"wrap\"><h3 class=\"heading\"><a href=\"https:\/\/musica.javirangel.com\/index.php\/project\/trio-mauro-tavo-y-javi\/\">Tr\u00edo Mauro, Tavo y Javi<\/a><\/h3><div class=\"description\">TaJaMa es uan propuesta musical que abarca uchos g\u00e9neros como el pop, rock, tropipop, reguet\u00f3n, etc... con repertorio amplio y artistas diestros.<\/div><div class=\"bottom share-on vote-on\"><div class=\"zilla-likes\" id=\"zilla-likes-996\"><a href=\"#\" class=\"like permalink\"><i class=\"admin-ui-like-filled-hand\"><\/i> <span>0<\/span><\/a><a href=\"#\" class=\"dislike permalink\"><i class=\"admin-ui-thumb-down-social-filled-gesture\"><\/i> <span>0<\/span><\/a><\/div><div class=\"share-buttons\" data-uniqid=\"69d7d876c231c\" data-links='[[\"fa fa-facebook-square\", \"facebook\", \"http:\/\/www.facebook.com\/sharer.php?u=https:\/\/musica.javirangel.com\/index.php\/project\/trio-mauro-tavo-y-javi\/\"],[\"fa fa-pinterest-square\", \"pinterest\", \"http:\/\/pinterest.com\/pin\/create\/button\/?url=https:\/\/musica.javirangel.com\/index.php\/project\/trio-mauro-tavo-y-javi\/\"],[\"fa fa-google-plus-square\", \"google plus\", \"https:\/\/plus.google.com\/share?url=https:\/\/musica.javirangel.com\/index.php\/project\/trio-mauro-tavo-y-javi\/\"],[\"fa fa-tumblr-square\", \"tumblr\", \"https:\/\/www.tumblr.com\/widgets\/share\/tool?canonicalUrl=https:\/\/musica.javirangel.com\/index.php\/project\/trio-mauro-tavo-y-javi\/&title=Tr\u00edo Mauro, Tavo y Javi\"],[\"fa fa-twitter-square\", \"twitter\", \"https:\/\/twitter.com\/intent\/tweet?url=https:\/\/musica.javirangel.com\/index.php\/project\/trio-mauro-tavo-y-javi\/\"]]' data-link=\"https:\/\/musica.javirangel.com\/index.php\/project\/trio-mauro-tavo-y-javi\/\" data-title=\"Share\"><i class=\"admin-ui-share\"><\/i> <span>Share<\/span><\/div><\/div><\/div><a href=\"#\" class=\"fs-play-button single-popup-item\" data-type=\"video\" data-size=\"960x640\" data-video='<div class=\"wrapper\"><div class=\"video-wrapper\"><iframe loading=\"lazy\" class=\"pswp__video\" width=\"1920\" height=\"1080\" src=\"https:\/\/youtube.com\/embed\/9lBodtiCvoE?rel=0&#038;showinfo=0\" frameborder=\"0\" allowfullscreen=\"\"><\/iframe><\/div><\/div>'><i class=\"admin-ui-play-filled-triangle-button-of-right-arrow\"><\/i><\/a><\/div><h5 class=\"slider-heading\">Up next<\/h5><div class=\"fs-portfolio \"><article class=\"fs-portfolio-item item category-trio image-center\" data-id=\"996\"><div class=\"wrap\"><div class=\"duration\">44:14<\/div><div class=\"a-img\"><div style=\"background-image: url(https:\/\/musica.javirangel.com\/wp-content\/uploads\/2023\/05\/tajama-768x454.jpg);\"><\/div><\/div><h6><span class=\"cell\"><span>Tr\u00edo Mauro, Tavo y Javi<\/span><\/span><\/h6><\/div><\/article><\/div><div class=\"cache-items hide\"><\/div><\/div><\/div><div class=\"loading-container\"><i class=\"admin-ui-circles-loader\"><\/i><\/div><\/div><\/div><\/div><\/div><div class=\"fc-item \" style=\"\"><div class=\"slide-h\"><div>cont\u00e1ctame<\/div><\/div><div class=\"bg-line\" style=\"left: 40%;\"><\/div><div class=\"cell cell-container middle\"><div class=\"container\">[vc_row_inner gap=&#8221;30&#8243;][vc_column_inner width=&#8221;1\/2&#8243;]<div class=\"pt-special-heading pt-special-heading-5bcb25d178f75 tal  vc_custom_1540044820048\"><h3 class=\"heading\">Contact Me<\/h3><\/div><div class=\"contact-row \"><i class=\"admin-ui-telephone-auricular\"><\/i><div class=\"content\"><span>Celolar:<\/span>+57 300 821 76 76<\/div><\/div><div class=\"contact-row \"><i class=\"admin-ui-new-email-filled-closed-envelope-back\"><\/i><div class=\"content\"><span>E-mail:<\/span>info@musica.javirangel.com<\/div><\/div><div class=\"contact-row \"><i class=\"admin-ui-placeholder-filled-point\"><\/i><div class=\"content\"><span>Direcci\u00f3n:<\/span>Colombia, Bogot\u00e1 111031<\/div><\/div><div class=\"pt-special-heading pt-special-heading-69d7d876c2dac tal  vc_custom_1684371802210\"><h3 class=\"heading\">Escr\u00edbeme<\/h3><\/div>[vc_column_text]\n<div class=\"wpcf7 no-js\" id=\"wpcf7-f5-o1\" lang=\"en-US\" dir=\"ltr\">\n<div class=\"screen-reader-response\"><p role=\"status\" aria-live=\"polite\" aria-atomic=\"true\"><\/p> <ul><\/ul><\/div>\n<form action=\"\/index.php\/wp-json\/wp\/v2\/pages\/317#wpcf7-f5-o1\" method=\"post\" class=\"wpcf7-form init\" aria-label=\"Contact form\" novalidate=\"novalidate\" data-status=\"init\">\n<div style=\"display: none;\">\n<input type=\"hidden\" name=\"_wpcf7\" value=\"5\" \/>\n<input type=\"hidden\" name=\"_wpcf7_version\" value=\"5.8.6\" \/>\n<input type=\"hidden\" name=\"_wpcf7_locale\" value=\"en_US\" \/>\n<input type=\"hidden\" name=\"_wpcf7_unit_tag\" value=\"wpcf7-f5-o1\" \/>\n<input type=\"hidden\" name=\"_wpcf7_container_post\" value=\"0\" \/>\n<input type=\"hidden\" name=\"_wpcf7_posted_data_hash\" value=\"\" \/>\n<\/div>\n<div class=\"contact-form row\">\n\t<div class=\"col-xs-12 col-sm-6\">\n\t\t<div class=\"input-row-s1\">\n\t\t\t<p><span class=\"wpcf7-form-control-wrap\" data-name=\"f-name\"><input size=\"40\" class=\"wpcf7-form-control wpcf7-text wpcf7-validates-as-required style1\" aria-required=\"true\" aria-invalid=\"false\" placeholder=\"TU NOMBRE\" value=\"\" type=\"text\" name=\"f-name\" \/><\/span>\n\t\t\t<\/p>\n\t\t<\/div>\n\t<\/div>\n\t<div class=\"col-xs-12 col-sm-6\">\n\t\t<div class=\"input-row-s1\">\n\t\t\t<p><span class=\"wpcf7-form-control-wrap\" data-name=\"f-email\"><input size=\"40\" class=\"wpcf7-form-control wpcf7-text wpcf7-validates-as-required style1\" aria-required=\"true\" aria-invalid=\"false\" placeholder=\"TU E-MAIL\" value=\"\" type=\"text\" name=\"f-email\" \/><\/span>\n\t\t\t<\/p>\n\t\t<\/div>\n\t<\/div>\n\t<div class=\"col-xs-12\">\n\t\t<div class=\"input-row-s1\">\n\t\t\t<p><span class=\"wpcf7-form-control-wrap\" data-name=\"f-message\"><input size=\"40\" class=\"wpcf7-form-control wpcf7-text wpcf7-validates-as-required style1\" aria-required=\"true\" aria-invalid=\"false\" placeholder=\"TU MENSAJE\" value=\"\" type=\"text\" name=\"f-message\" \/><\/span>\n\t\t\t<\/p>\n\t\t<\/div>\n\t<\/div>\n\t<div class=\"col-xs-12\">\n\t\t<p><button type=\"submit\" class=\"wpcf7-form-control wpcf7-submit button-style1\"><span>enviar<\/span><i class=\"solid-arrow-collection-right-arrow\"><\/i><\/button>\n\t\t<\/p>\n\t<\/div>\n<\/div><div class=\"wpcf7-response-output\" aria-hidden=\"true\"><\/div>\n<\/form>\n<\/div>\n[\/vc_column_text]<div class=\"social-buttons-standart\"><a href=\"#\" target=\"\"><i class=\"fa fa-vimeo-square\"><\/i> <span>Vimeo<\/span><\/a><a href=\"#\" target=\"\"><i class=\"fa fa-youtube-square\"><\/i> <span>Youtube<\/span><\/a><a href=\"#\" target=\"\"><i class=\"fa fa-instagram\"><\/i> <span>Instagram<\/span><\/a><a href=\"#\" target=\"\"><i class=\"fa fa-facebook-square\"><\/i> <span>Facebook<\/span><\/a><\/div>[\/vc_column_inner][vc_column_inner width=&#8221;1\/2&#8243;]No Api Keys, <a href=\"https:\/\/musica.javirangel.com\/wp-admin\/admin.php?page=Spool\">Add key in Theme Options<\/a>[\/vc_column_inner][\/vc_row_inner]<\/div><\/div><\/div><\/div><\/div>[\/vc_column][\/vc_row]<\/p>\n<\/div>","protected":false},"excerpt":{"rendered":"<p>[vc_row full_width=&#8221;stretch_row_content_no_spaces&#8221;][vc_column][\/vc_column][\/vc_row]<\/p>\n","protected":false},"author":1,"featured_media":0,"parent":0,"menu_order":0,"comment_status":"closed","ping_status":"closed","template":"template-landing.php","meta":{"footnotes":""},"acf":[],"_links":{"self":[{"href":"https:\/\/musica.javirangel.com\/index.php\/wp-json\/wp\/v2\/pages\/317"}],"collection":[{"href":"https:\/\/musica.javirangel.com\/index.php\/wp-json\/wp\/v2\/pages"}],"about":[{"href":"https:\/\/musica.javirangel.com\/index.php\/wp-json\/wp\/v2\/types\/page"}],"author":[{"embeddable":true,"href":"https:\/\/musica.javirangel.com\/index.php\/wp-json\/wp\/v2\/users\/1"}],"replies":[{"embeddable":true,"href":"https:\/\/musica.javirangel.com\/index.php\/wp-json\/wp\/v2\/comments?post=317"}],"version-history":[{"count":35,"href":"https:\/\/musica.javirangel.com\/index.php\/wp-json\/wp\/v2\/pages\/317\/revisions"}],"predecessor-version":[{"id":923,"href":"https:\/\/musica.javirangel.com\/index.php\/wp-json\/wp\/v2\/pages\/317\/revisions\/923"}],"wp:attachment":[{"href":"https:\/\/musica.javirangel.com\/index.php\/wp-json\/wp\/v2\/media?parent=317"}],"curies":[{"name":"wp","href":"https:\/\/api.w.org\/{rel}","templated":true}]}}